{"id":111,"date":"2023-07-04T16:23:36","date_gmt":"2023-07-04T16:23:36","guid":{"rendered":"https:\/\/blauigris.com\/?page_id=111"},"modified":"2023-12-04T13:30:52","modified_gmt":"2023-12-04T13:30:52","slug":"contacte","status":"publish","type":"page","link":"https:\/\/blauigris.com\/index.php\/contacte\/","title":{"rendered":"contacte"},"content":{"rendered":"\t\t<div data-elementor-type=\"wp-page\" data-elementor-id=\"111\" class=\"elementor elementor-111\">\n\t\t\t\t\t\t<section class=\"elementor-section elementor-top-section elementor-element elementor-element-d46bf68 elementor-section-boxed elementor-section-height-default elementor-section-height-default\" data-id=\"d46bf68\" data-element_type=\"section\" data-e-type=\"section\">\n\t\t\t\t\t\t<div class=\"elementor-container elementor-column-gap-default\">\n\t\t\t\t\t<div class=\"elementor-column elementor-col-50 elementor-top-column elementor-element elementor-element-f34412c\" data-id=\"f34412c\" data-element_type=\"column\" data-e-type=\"column\">\n\t\t\t<div class=\"elementor-widget-wrap elementor-element-populated\">\n\t\t\t\t\t\t<div class=\"elementor-element elementor-element-118dd4e elementor-widget elementor-widget-image\" data-id=\"118dd4e\" data-element_type=\"widget\" data-e-type=\"widget\" data-widget_type=\"image.default\">\n\t\t\t\t<div class=\"elementor-widget-container\">\n\t\t\t\t\t\t\t\t\t\t\t\t\t\t\t<img fetchpriority=\"high\" decoding=\"async\" width=\"800\" height=\"534\" src=\"https:\/\/blauigris.com\/wp-content\/uploads\/2023\/08\/woman-camera-vintage-analogic-photography-1024x683.jpg\" class=\"attachment-large size-large wp-image-177\" alt=\"\" srcset=\"https:\/\/blauigris.com\/wp-content\/uploads\/2023\/08\/woman-camera-vintage-analogic-photography-1024x683.jpg 1024w, https:\/\/blauigris.com\/wp-content\/uploads\/2023\/08\/woman-camera-vintage-analogic-photography-300x200.jpg 300w, https:\/\/blauigris.com\/wp-content\/uploads\/2023\/08\/woman-camera-vintage-analogic-photography-768x512.jpg 768w, https:\/\/blauigris.com\/wp-content\/uploads\/2023\/08\/woman-camera-vintage-analogic-photography-1536x1024.jpg 1536w, https:\/\/blauigris.com\/wp-content\/uploads\/2023\/08\/woman-camera-vintage-analogic-photography.jpg 2048w\" sizes=\"(max-width: 800px) 100vw, 800px\" \/>\t\t\t\t\t\t\t\t\t\t\t\t\t\t\t<\/div>\n\t\t\t\t<\/div>\n\t\t\t\t\t<\/div>\n\t\t<\/div>\n\t\t\t\t<div class=\"elementor-column elementor-col-50 elementor-top-column elementor-element elementor-element-5652f0d\" data-id=\"5652f0d\" data-element_type=\"column\" data-e-type=\"column\">\n\t\t\t<div class=\"elementor-widget-wrap elementor-element-populated\">\n\t\t\t\t\t\t<div class=\"elementor-element elementor-element-3553355 elementor-widget elementor-widget-wpforms\" data-id=\"3553355\" data-element_type=\"widget\" data-e-type=\"widget\" data-widget_type=\"wpforms.default\">\n\t\t\t\t<div class=\"elementor-widget-container\">\n\t\t\t\t\t<div class=\"wpforms-container wpforms-container-full wpforms-render-modern\" id=\"wpforms-480\"><form id=\"wpforms-form-480\" class=\"wpforms-validate wpforms-form wpforms-ajax-form\" data-formid=\"480\" method=\"post\" enctype=\"multipart\/form-data\" action=\"\/index.php\/wp-json\/wp\/v2\/pages\/111\" data-token=\"008a6c9ef192ccd253e2c839fe074e77\" data-token-time=\"1777288125\"><noscript class=\"wpforms-error-noscript\">Please enable JavaScript in your browser to complete this form.<\/noscript><div id=\"wpforms-error-noscript\" style=\"display: none;\">Please enable JavaScript in your browser to complete this form.<\/div><div class=\"wpforms-field-container\"><div id=\"wpforms-480-field_0-container\" class=\"wpforms-field wpforms-field-name\" data-field-id=\"0\"><label class=\"wpforms-field-label\" for=\"wpforms-480-field_0\">Nom <span class=\"wpforms-required-label\" aria-hidden=\"true\">*<\/span><\/label><input type=\"text\" id=\"wpforms-480-field_0\" class=\"wpforms-field-medium wpforms-field-required\" name=\"wpforms[fields][0]\" aria-errormessage=\"wpforms-480-field_0-error\" required><\/div><div id=\"wpforms-480-field_1-container\" class=\"wpforms-field wpforms-field-email\" data-field-id=\"1\"><label class=\"wpforms-field-label\" for=\"wpforms-480-field_1\">Correu electr\u00f2nic <span class=\"wpforms-required-label\" aria-hidden=\"true\">*<\/span><\/label><input type=\"email\" id=\"wpforms-480-field_1\" class=\"wpforms-field-medium wpforms-field-required\" name=\"wpforms[fields][1]\" spellcheck=\"false\" aria-errormessage=\"wpforms-480-field_1-error\" required><\/div><div id=\"wpforms-480-field_2-container\" class=\"wpforms-field wpforms-field-textarea\" data-field-id=\"2\"><label class=\"wpforms-field-label\" for=\"wpforms-480-field_2\">Comentaris<\/label><textarea id=\"wpforms-480-field_2\" class=\"wpforms-field-medium\" name=\"wpforms[fields][2]\" aria-errormessage=\"wpforms-480-field_2-error\" ><\/textarea><\/div><div id=\"wpforms-480-field_3-container\" class=\"wpforms-field wpforms-field-checkbox\" data-field-id=\"3\"><fieldset><legend class=\"wpforms-field-label\"> <\/legend><ul id=\"wpforms-480-field_3\"><li class=\"choice-1 depth-1\"><input type=\"checkbox\" id=\"wpforms-480-field_3_1\" name=\"wpforms[fields][3][]\" value=\"Accepto la pol\u00edtica de privadesa i la pol\u00edtica de cookies d&#039;aquesta p\u00e0gina\" aria-errormessage=\"wpforms-480-field_3_1-error\"  ><label class=\"wpforms-field-label-inline\" for=\"wpforms-480-field_3_1\">Accepto la pol\u00edtica de privadesa i la pol\u00edtica de cookies d'aquesta p\u00e0gina<\/label><\/li><\/ul><\/fieldset><\/div><\/div><!-- .wpforms-field-container --><div class=\"wpforms-recaptcha-container wpforms-is-recaptcha wpforms-is-recaptcha-type-v3\" ><input type=\"hidden\" name=\"wpforms[recaptcha]\" value=\"\"><\/div><div class=\"wpforms-submit-container\" ><input type=\"hidden\" name=\"wpforms[id]\" value=\"480\"><input type=\"hidden\" name=\"page_title\" value=\"\"><input type=\"hidden\" name=\"page_url\" value=\"https:\/\/blauigris.com\/index.php\/wp-json\/wp\/v2\/pages\/111\"><input type=\"hidden\" name=\"url_referer\" value=\"\"><button type=\"submit\" name=\"wpforms[submit]\" id=\"wpforms-submit-480\" class=\"wpforms-submit\" data-alt-text=\"Enviant...\" data-submit-text=\"Enviar\" aria-live=\"assertive\" value=\"wpforms-submit\">Enviar<\/button><img decoding=\"async\" src=\"https:\/\/blauigris.com\/wp-content\/plugins\/wpforms-lite\/assets\/images\/submit-spin.svg\" class=\"wpforms-submit-spinner\" style=\"display: none;\" width=\"26\" height=\"26\" alt=\"Loading\"><\/div><\/form><\/div>  <!-- .wpforms-container -->\t\t\t\t<\/div>\n\t\t\t\t<\/div>\n\t\t\t\t\t<\/div>\n\t\t<\/div>\n\t\t\t\t\t<\/div>\n\t\t<\/section>\n\t\t\t\t<section class=\"elementor-section elementor-top-section elementor-element elementor-element-5eb8c01 elementor-section-boxed elementor-section-height-default elementor-section-height-default\" data-id=\"5eb8c01\" data-element_type=\"section\" data-e-type=\"section\">\n\t\t\t\t\t\t<div class=\"elementor-container elementor-column-gap-default\">\n\t\t\t\t\t<div class=\"elementor-column elementor-col-100 elementor-top-column elementor-element elementor-element-d2e8a8e\" data-id=\"d2e8a8e\" data-element_type=\"column\" data-e-type=\"column\">\n\t\t\t<div class=\"elementor-widget-wrap\">\n\t\t\t\t\t\t\t<\/div>\n\t\t<\/div>\n\t\t\t\t\t<\/div>\n\t\t<\/section>\n\t\t\t\t<\/div>\n\t\t","protected":false},"excerpt":{"rendered":"<p>Please enable JavaScript in your browser to complete this form.Please enable JavaScript in your browser to complete this form.Nom *Correu electr\u00f2nic *Comentaris Accepto la pol\u00edtica de privadesa i la pol\u00edtica de cookies d&#8217;aquesta p\u00e0gina Enviar<\/p>\n","protected":false},"author":1,"featured_media":0,"parent":0,"menu_order":0,"comment_status":"closed","ping_status":"closed","template":"elementor_header_footer","meta":{"footnotes":""},"class_list":["post-111","page","type-page","status-publish","hentry"],"_links":{"self":[{"href":"https:\/\/blauigris.com\/index.php\/wp-json\/wp\/v2\/pages\/111","targetHints":{"allow":["GET"]}}],"collection":[{"href":"https:\/\/blauigris.com\/index.php\/wp-json\/wp\/v2\/pages"}],"about":[{"href":"https:\/\/blauigris.com\/index.php\/wp-json\/wp\/v2\/types\/page"}],"author":[{"embeddable":true,"href":"https:\/\/blauigris.com\/index.php\/wp-json\/wp\/v2\/users\/1"}],"replies":[{"embeddable":true,"href":"https:\/\/blauigris.com\/index.php\/wp-json\/wp\/v2\/comments?post=111"}],"version-history":[{"count":22,"href":"https:\/\/blauigris.com\/index.php\/wp-json\/wp\/v2\/pages\/111\/revisions"}],"predecessor-version":[{"id":825,"href":"https:\/\/blauigris.com\/index.php\/wp-json\/wp\/v2\/pages\/111\/revisions\/825"}],"wp:attachment":[{"href":"https:\/\/blauigris.com\/index.php\/wp-json\/wp\/v2\/media?parent=111"}],"curies":[{"name":"wp","href":"https:\/\/api.w.org\/{rel}","templated":true}]}}